{"id":313,"date":"2017-02-03T15:20:14","date_gmt":"2017-02-03T14:20:14","guid":{"rendered":"http:\/\/wetter-fischbach.de\/?page_id=313"},"modified":"2018-02-09T16:02:54","modified_gmt":"2018-02-09T15:02:54","slug":"gaestebuch","status":"publish","type":"page","link":"https:\/\/wetter-fischbach.de\/?page_id=313","title":{"rendered":"G\u00e4stebuch"},"content":{"rendered":"<div class=\"gwolle-gb\"><div class=\"gwolle-gb-messages-top-container\"><\/div>\n\t\t\t<div class=\"gwolle-gb-write-button\">\n\t\t\t\t<input type=\"button\" name=\"gwolle-gb-write-button\" class=\"button btn btn-default \" value=\"Neuen Eintrag schreiben\" aria-expanded=\"false\" \/>\n\t\t\t<\/div>\n\t\t\t<form action=\"#\" method=\"POST\" class=\"gwolle-gb-write gwolle-gb-hide gwolle-gb-float gwolle-gb-form-ajax gwolle-gb-ajax gwolle-gb-not-logged-in\">\n\t\t\t\t<h3>Einen neuen Eintrag f\u00fcr das G\u00e4stebuch schreiben<\/h3>\n\t\t\t\t<button type=\"button\" class=\"gb-notice-dismiss\">x<span class=\"screen-reader-text\">Dieses Formular ausblenden<\/span><\/button>\n\t\t\t\n\t\t\t\t<input type=\"hidden\" name=\"gwolle_gb_function\" class=\"gwolle_gb_function\" value=\"add_entry\" \/><input type=\"hidden\" name=\"gwolle_gb_book_id\" class=\"gwolle_gb_book_id\" value=\"1\" \/><div class=\"gwolle_gb_45a2d3c00808a41212f58915f83d1584\">\n\t\t\t\t<div class=\"label\"><label for=\"gwolle_gb_45a2d3c00808a41212f58915f83d1584-1\" class=\"text-info\">Name <span class=\"required\">*<\/span><\/label><\/div>\n\t\t\t\t<div class=\"input\"><input class=\"wp-exclude-emoji gwolle_gb_45a2d3c00808a41212f58915f83d1584\" value=\"\" type=\"text\" id=\"gwolle_gb_45a2d3c00808a41212f58915f83d1584-1\" name=\"gwolle_gb_45a2d3c00808a41212f58915f83d1584\" required \/><\/div>\n\t\t\t\t<div class=\"clearBoth\">&nbsp;<\/div>\n\t\t\t<\/div><div class=\"gwolle_gb_a061d4882f46201498ab8d9bf2783be7\">\n\t\t\t\t\t<div class=\"label\"><label for=\"gwolle_gb_a061d4882f46201498ab8d9bf2783be7-1\" class=\"text-info\">Stadt<\/label><\/div>\n\t\t\t\t\t<div class=\"input\"><input class=\"wp-exclude-emoji gwolle_gb_a061d4882f46201498ab8d9bf2783be7\" value=\"\" type=\"text\" id=\"gwolle_gb_a061d4882f46201498ab8d9bf2783be7-1\" name=\"gwolle_gb_a061d4882f46201498ab8d9bf2783be7\" \/><\/div>\n\t\t\t\t\t<div class=\"clearBoth\">&nbsp;<\/div>\n\t\t\t\t<\/div><div class=\"gwolle_gb_086d08b256db2d04acaf2a23e1509ee9\">\n\t\t\t\t<div class=\"label\"><label for=\"gwolle_gb_086d08b256db2d04acaf2a23e1509ee9-1\" class=\"text-info\">E-Mail <span class=\"required\">*<\/span><\/label><\/div>\n\t\t\t\t<div class=\"input\"><input class=\"gwolle_gb_086d08b256db2d04acaf2a23e1509ee9\" value=\"\" type=\"email\" id=\"gwolle_gb_086d08b256db2d04acaf2a23e1509ee9-1\" name=\"gwolle_gb_086d08b256db2d04acaf2a23e1509ee9\" required \/><\/div>\n\t\t\t\t<div class=\"clearBoth\">&nbsp;<\/div>\n\t\t\t<\/div><div class=\"gwolle_gb_5d6b9e606a291c9d7e4c2d0fe710ab28\">\n\t\t\t\t<div class=\"label\"><label for=\"gwolle_gb_5d6b9e606a291c9d7e4c2d0fe710ab28-1\" class=\"text-info\">Website<\/label><\/div>\n\t\t\t\t<div class=\"input\"><input class=\"gwolle_gb_5d6b9e606a291c9d7e4c2d0fe710ab28\" value=\"\" type=\"url\" id=\"gwolle_gb_5d6b9e606a291c9d7e4c2d0fe710ab28-1\" name=\"gwolle_gb_5d6b9e606a291c9d7e4c2d0fe710ab28\" \/><\/div>\n\t\t\t\t<div class=\"clearBoth\">&nbsp;<\/div>\n\t\t\t<\/div>\n\t\t\t<div class=\"gwolle_gb_598fff3d69746438ff6b9a8838f35741\" style=\"display:none;overflow:hidden;\" hidden=\"true\" aria-hidden=\"true\">\n\t\t\t\t<div class=\"label\">\n\t\t\t\t\t<label for=\"gwolle_gb_598fff3d69746438ff6b9a8838f35741-1\" class=\"text-primary\">Hier nichts eingeben<\/label>\n\t\t\t\t\t<label for=\"gwolle_gb_c69c71deca3128b3f012d11a8a287110-1\" class=\"text-primary\">Hier nichts eingeben<\/label>\n\t\t\t\t<\/div>\n\t\t\t\t<div class=\"input\">\n\t\t\t\t\t<input value=\"27\" type=\"text\" id=\"gwolle_gb_598fff3d69746438ff6b9a8838f35741-1\" name=\"gwolle_gb_598fff3d69746438ff6b9a8838f35741\" class=\"gwolle_gb_598fff3d69746438ff6b9a8838f35741\" style=\"transform: translateY(10000px);\" \/>\n\t\t\t\t\t<input value=\"\" type=\"text\" name=\"gwolle_gb_c69c71deca3128b3f012d11a8a287110\" id=\"gwolle_gb_c69c71deca3128b3f012d11a8a287110-1\" class=\"gwolle_gb_c69c71deca3128b3f012d11a8a287110\" style=\"transform: translateY(10000px);\" \/>\n\t\t\t\t<\/div>\n\t\t\t\t<div class=\"clearBoth\"><\/div>\n\t\t\t<\/div>\n\t\t\t<div class=\"gwolle_gb_7e2f8c2f231594ca7150dde5419c57b1\" style=\"display:none;overflow:hidden;\" hidden=\"true\" aria-hidden=\"true\">\n\t\t\t\t<div class=\"label\">\n\t\t\t\t\t<label for=\"gwolle_gb_7e2f8c2f231594ca7150dde5419c57b1-1\" class=\"text-primary\">Hier nichts eingeben<\/label>\n\t\t\t\t\t<label for=\"gwolle_gb_ca8440eefcb9f0e7431ed60d8f68f604-1\" class=\"text-primary\">Hier nichts eingeben<\/label>\n\t\t\t\t<\/div>\n\t\t\t\t<div class=\"input\">\n\t\t\t\t\t<input value=\"36448\" type=\"text\" id=\"gwolle_gb_7e2f8c2f231594ca7150dde5419c57b1-1\" name=\"gwolle_gb_7e2f8c2f231594ca7150dde5419c57b1\" class=\"gwolle_gb_7e2f8c2f231594ca7150dde5419c57b1\" style=\"transform: translateY(10000px);\" \/>\n\t\t\t\t\t<input value=\"36448\" type=\"text\"id=\"gwolle_gb_ca8440eefcb9f0e7431ed60d8f68f604-1\" name=\"gwolle_gb_ca8440eefcb9f0e7431ed60d8f68f604\" class=\"gwolle_gb_ca8440eefcb9f0e7431ed60d8f68f604\" style=\"transform: translateY(10000px);\" \/>\n\t\t\t\t<\/div>\n\t\t\t\t<div class=\"clearBoth\"><\/div>\n\t\t\t<\/div><div class=\"gwolle_gb_content\">\n\t\t\t\t<div class=\"label\"><label for=\"gwolle_gb_content-1\" class=\"text-info\">G\u00e4stebucheintrag <span class=\"required\">*<\/span><\/label><\/div>\n\t\t\t\t<div class=\"input\"><textarea id=\"gwolle_gb_content-1\" name=\"gwolle_gb_content\" class=\"gwolle_gb_content wp-exclude-emoji\" required ><\/textarea><\/div>\n\t\t\t\t\t<div class=\"clearBoth\">&nbsp;<\/div>\n\t\t\t\t<\/div><input type=\"hidden\" class=\"gwolle_gb_a9548734c98c35248bc353065bf95a83\" id=\"gwolle_gb_a9548734c98c35248bc353065bf95a83-1\" name=\"gwolle_gb_a9548734c98c35248bc353065bf95a83\" value=\"faaa852026\" \/>\n\t\t\t<div class=\"gwolle-gb-messages-bottom-container\"><\/div>\n\n\t\t\t<noscript><div class=\"no-js\">Warnung: Dieses Formular kann nur verwendet werden, wenn in deinem Browser JavaScript aktiviert ist.<\/div><\/noscript>\n\n\t\t\t<div class=\"gwolle_gb_submit gwolle-gb-submit\">\n\t\t\t\t<div class=\"label gwolle-gb-invisible text-muted\">&nbsp;<\/div>\n\t\t\t\t<div class=\"input\">\n\t\t\t\t\t<input type=\"submit\" name=\"gwolle_gb_submit\" class=\"gwolle_gb_submit button btn btn-primary \" value=\"Absenden\" \/>\n\t\t\t\t\t<span class=\"gwolle_gb_submit_ajax_icon gwolle-gb-submit-ajax-icon\"><\/span>\n\t\t\t\n\t\t\t\t<\/div>\n\t\t\t\t<div class=\"clearBoth\">&nbsp;<\/div>\n\t\t\t<\/div>\n\n\t\t\t<div class=\"gwolle_gb_notice gwolle-gb-notice\">\n\t\t\t\tMit * gekennzeichnete Felder sind Pflichtfelder.<br \/>\r\nDie E-Mail-Adresse wird nicht ver\u00f6ffentlicht.<br \/>\r\nAus Sicherheitsgr\u00fcnden speichern wir die IP-Adresse 216.73.216.61.<br \/>\r\nEs k\u00f6nnte sein, dass der Eintrag im G\u00e4stebuch erst sichtbar ist, nachdem wir ihn gepr\u00fcft haben.<br \/>\r\nWir behalten uns das Recht vor, Eintr\u00e4ge zu bearbeiten, zu l\u00f6schen oder Eintr\u00e4ge nicht zu ver\u00f6ffentlichen.\n\t\t\t<\/div><\/form><div class=\"gwolle-gb-read gwolle-gb-ajax gwolle-gb-entries-list\" data-book_id=\"1\" data-page_id=\"1\">\n\t\t<div id=\"gwolle-gb-total\" class=\"gwolle-gb-total\">2 Eintr\u00e4ge<\/div><!-- Gwolle-GB Entry: Default Template Loaded -->\n\t\t\t\t<div class=\"gb-entry gb-entry_2 gb-entry-count_1 gwolle-gb-uneven gwolle-gb-first\" id=\"gb-entry_2\" data-entry_id=\"2\">\n\t\t\t\t<article>\n\t\t\t\t\t<div class=\"gb-author-info\">\n\t\t\t\t\t\t<span class=\"gb-author-avatar\"><img referrerpolicy=\"no-referrer\" alt='Wetterstation Ehingen' src='https:\/\/secure.gravatar.com\/avatar\/87221197f0bee0f0c4b2b9963d45502fa913cec14f07a5ed450b3ea801a57590?s=32&#038;d=blank&#038;r=g' srcset='https:\/\/secure.gravatar.com\/avatar\/87221197f0bee0f0c4b2b9963d45502fa913cec14f07a5ed450b3ea801a57590?s=64&#038;d=blank&#038;r=g 2x' class='avatar avatar-32 photo' height='32' width='32' \/><\/span>\n\t\t\t\t\t\t<span class=\"gb-author-name\"><a href=\"http:\/\/www.sternwarte-ehingen.de\/Wetterdaten\/\" target=\"_blank\" rel=\"nofollow noopener noreferrer\"\n\t\t\t\t\t\t\ttitle=\"Besuche die Website von Wetterstation Ehingen: http:\/\/www.sternwarte-ehingen.de\/Wetterdaten\/\">Wetterstation Ehingen<\/a>\n\t\t\t\t\t\t<\/span>\n\t\t\t\t\t\t<span class=\"gb-author-origin\">\n\t\t\t\t\t\t\t<span class=\"gb-author-origin-from-text\"> aus<\/span>\n\t\t\t\t\t\t\t<span class=\"gb-author-origin-text\"> 89584 Ehingen<\/span>\n\t\t\t\t\t\t<\/span>\n\t\t\t\t\t\t<span class=\"gb-datetime\">\n\t\t\t\t\t\t\t<span class=\"gb-date\"><span class=\"gb-date-wrote-text\"> schrieb am<\/span><span class=\"gb-date-text\"> 21. Oktober 2018<\/span>\n\t\t\t\t\t\t\t<\/span><span class=\"gb-time\">\n\t\t\t\t\t\t\t\t\t<span class=\"gb-time-at-text\"> um<\/span>\n\t\t\t\t\t\t\t\t\t<span class=\"gb-time-text\"> 16:28<\/span>\n\t\t\t\t\t\t\t\t<\/span>\n\t\t\t\t\t\t<\/span> \n\t\t\t\t\t<\/div>\n\t\t\t\t\t<div class=\"gb-entry-content\">Hallo,<br \/>\nkompliment f\u00fcr die \u00fcbersichtliche und informative Wetterseite! <br \/>\nhab mir deine Seite mal genauer angeschaut und festgestellt,dass sie sehr informativ und hintergr\u00fcndig aufbereitet ist. <br \/>\nWeiter so !\n\t\t\t\t\t<\/div>\n\t\t\t\t<\/article>\n\t\t\t<\/div>\n\t\t\t<div class=\"gb-entry gb-entry_1 gb-entry-count_2 gwolle-gb-even admin-entry\" id=\"gb-entry_1\" data-entry_id=\"1\">\n\t\t\t\t<article>\n\t\t\t\t\t<div class=\"gb-author-info\">\n\t\t\t\t\t\t<span class=\"gb-author-avatar\"><img referrerpolicy=\"no-referrer\" alt='Carsten Herrmann' src='https:\/\/secure.gravatar.com\/avatar\/8e9fe34216f6ee9fc1a820a83e44d831648d2712730127f37703d77aa3dcab1c?s=32&#038;d=blank&#038;r=g' srcset='https:\/\/secure.gravatar.com\/avatar\/8e9fe34216f6ee9fc1a820a83e44d831648d2712730127f37703d77aa3dcab1c?s=64&#038;d=blank&#038;r=g 2x' class='avatar avatar-32 photo' height='32' width='32' \/><\/span>\n\t\t\t\t\t\t<span class=\"gb-author-name\"><a href=\"http:\/\/www.wetter-fischbach.de\" target=\"_blank\" rel=\"nofollow noopener noreferrer\"\n\t\t\t\t\t\t\ttitle=\"Besuche die Website von Carsten Herrmann: http:\/\/www.wetter-fischbach.de\"><i class=\"gb-moderator\">Carsten Herrmann<\/i><\/a>\n\t\t\t\t\t\t<\/span>\n\t\t\t\t\t\t<span class=\"gb-author-origin\">\n\t\t\t\t\t\t\t<span class=\"gb-author-origin-from-text\"> aus<\/span>\n\t\t\t\t\t\t\t<span class=\"gb-author-origin-text\"> Fischbach<\/span>\n\t\t\t\t\t\t<\/span>\n\t\t\t\t\t\t<span class=\"gb-datetime\">\n\t\t\t\t\t\t\t<span class=\"gb-date\"><span class=\"gb-date-wrote-text\"> schrieb am<\/span><span class=\"gb-date-text\"> 19. Juli 2017<\/span>\n\t\t\t\t\t\t\t<\/span><span class=\"gb-time\">\n\t\t\t\t\t\t\t\t\t<span class=\"gb-time-at-text\"> um<\/span>\n\t\t\t\t\t\t\t\t\t<span class=\"gb-time-text\"> 23:09<\/span>\n\t\t\t\t\t\t\t\t<\/span>\n\t\t\t\t\t\t<\/span> \n\t\t\t\t\t<\/div>\n\t\t\t\t\t<div class=\"gb-entry-content\">Hallo liebe G\u00e4ste,<br \/>\r\n<br \/>\r\nherzlich willkommen in meinem G\u00e4stebuch, ich hoffe Ihr findet daran genau soviel Spa\u00df wie ich. F\u00fcr Anregungen und Verbesserungen bin ich jederzeit offen. Wenn ich mal wieder etwas Zeit finde, werde ich auch weiter an diesem Projekt arbeiten und das Ganze noch mehr ausbauen \/dokumentieren.<br \/>\r\n<br \/>\r\nViel Spa\u00df<br \/>\r\n<br \/>\r\nCarsten\n\t\t\t\t\t<\/div>\n\t\t\t\t<\/article>\n\t\t\t<\/div>\n\t\t\t<\/div><\/div>\n","protected":false},"excerpt":{"rendered":"","protected":false},"author":1,"featured_media":0,"parent":0,"menu_order":0,"comment_status":"closed","ping_status":"closed","template":"","meta":{"footnotes":""},"class_list":["post-313","page","type-page","status-publish","hentry"],"jetpack_sharing_enabled":true,"_links":{"self":[{"href":"https:\/\/wetter-fischbach.de\/index.php?rest_route=\/wp\/v2\/pages\/313","targetHints":{"allow":["GET"]}}],"collection":[{"href":"https:\/\/wetter-fischbach.de\/index.php?rest_route=\/wp\/v2\/pages"}],"about":[{"href":"https:\/\/wetter-fischbach.de\/index.php?rest_route=\/wp\/v2\/types\/page"}],"author":[{"embeddable":true,"href":"https:\/\/wetter-fischbach.de\/index.php?rest_route=\/wp\/v2\/users\/1"}],"replies":[{"embeddable":true,"href":"https:\/\/wetter-fischbach.de\/index.php?rest_route=%2Fwp%2Fv2%2Fcomments&post=313"}],"version-history":[{"count":5,"href":"https:\/\/wetter-fischbach.de\/index.php?rest_route=\/wp\/v2\/pages\/313\/revisions"}],"predecessor-version":[{"id":318,"href":"https:\/\/wetter-fischbach.de\/index.php?rest_route=\/wp\/v2\/pages\/313\/revisions\/318"}],"wp:attachment":[{"href":"https:\/\/wetter-fischbach.de\/index.php?rest_route=%2Fwp%2Fv2%2Fmedia&parent=313"}],"curies":[{"name":"wp","href":"https:\/\/api.w.org\/{rel}","templated":true}]}}